{"id":759,"date":"2024-07-18T02:47:49","date_gmt":"2024-07-18T02:47:49","guid":{"rendered":"https:\/\/live.21lab.co\/growlab\/?page_id=20"},"modified":"2025-11-28T09:38:35","modified_gmt":"2025-11-28T09:38:35","slug":"contact-us","status":"publish","type":"page","link":"https:\/\/agenteinmobiliariolastra.com\/index.php\/contact-us\/","title":{"rendered":"Cont\u00e1ctanos"},"content":{"rendered":"\t\t<div data-elementor-type=\"wp-page\" data-elementor-id=\"759\" class=\"elementor elementor-759\">\n\t\t\t\t<div class=\"elementor-element elementor-element-7654d91 bgDark e-flex e-con-boxed e-con e-parent\" data-id=\"7654d91\" data-element_type=\"container\" data-settings=\"{&quot;background_background&quot;:&quot;classic&quot;}\">\n\t\t\t\t\t<div class=\"e-con-inner\">\n\t\t<div class=\"elementor-element elementor-element-27dd5b3 e-con-full e-flex e-con e-child\" data-id=\"27dd5b3\" data-element_type=\"container\">\n\t\t\t\t<div class=\"elementor-element elementor-element-488706c elementor-widget elementor-widget-heading\" data-id=\"488706c\" data-element_type=\"widget\" data-widget_type=\"heading.default\">\n\t\t\t\t\t<h2 class=\"elementor-heading-title elementor-size-default\">Con\u00e9cta con nosotros<\/h2>\t\t\t\t<\/div>\n\t\t<div class=\"elementor-element elementor-element-a45f95b e-grid e-con-full e-con e-child\" data-id=\"a45f95b\" data-element_type=\"container\">\n\t\t\t\t<div class=\"elementor-element elementor-element-79155a8 elementor-align-justify elementor-mobile-align-justify elementor-widget elementor-widget-button\" data-id=\"79155a8\" data-element_type=\"widget\" data-widget_type=\"button.default\">\n\t\t\t\t\t\t\t\t\t\t<a class=\"elementor-button elementor-button-link elementor-size-sm\" href=\"#myForm\">\n\t\t\t\t\t\t<span class=\"elementor-button-content-wrapper\">\n\t\t\t\t\t\t\t\t\t<span class=\"elementor-button-text\">\u00bfNecesitas ayuda?<\/span>\n\t\t\t\t\t<\/span>\n\t\t\t\t\t<\/a>\n\t\t\t\t\t\t\t\t<\/div>\n\t\t\t\t<\/div>\n\t\t\t\t<\/div>\n\t\t\t\t\t<\/div>\n\t\t\t\t<\/div>\n\t\t<div class=\"elementor-element elementor-element-274f72c e-flex e-con-boxed e-con e-parent\" data-id=\"274f72c\" data-element_type=\"container\" data-settings=\"{&quot;background_background&quot;:&quot;classic&quot;}\">\n\t\t\t\t\t<div class=\"e-con-inner\">\n\t\t<div class=\"elementor-element elementor-element-4c58957 e-con-full e-flex e-con e-child\" data-id=\"4c58957\" data-element_type=\"container\">\n\t\t\t\t<div class=\"elementor-element elementor-element-9402fdf pp-dual-heading-inline elementor-widget elementor-widget-pp-dual-heading\" data-id=\"9402fdf\" data-element_type=\"widget\" data-widget_type=\"pp-dual-heading.default\">\n\t\t\t\t\t<h2 class=\"pp-dual-heading\"><span class=\"pp-second-text\">Nuestro equipo de soporte est\u00e1 activo para tus necesidades 24\\7 v\u00eda email o tel\u00e9fono de contacto.<\/span><\/h2>\t\t\t\t<\/div>\n\t\t\t\t<\/div>\n\t\t<div class=\"elementor-element elementor-element-c96cd59 e-con-full e-flex e-con e-child\" data-id=\"c96cd59\" data-element_type=\"container\">\n\t\t\t\t<\/div>\n\t\t\t\t\t<\/div>\n\t\t\t\t<\/div>\n\t\t<div class=\"elementor-element elementor-element-e2c0dbb bgLight e-flex e-con-boxed e-con e-parent\" data-id=\"e2c0dbb\" data-element_type=\"container\">\n\t\t\t\t\t<div class=\"e-con-inner\">\n\t\t<div class=\"elementor-element elementor-element-7bc497f e-con-full e-flex e-con e-child\" data-id=\"7bc497f\" data-element_type=\"container\">\n\t\t\t\t<div class=\"elementor-element elementor-element-e123b8f pp-dual-heading-block elementor-widget elementor-widget-pp-dual-heading\" data-id=\"e123b8f\" data-element_type=\"widget\" data-widget_type=\"pp-dual-heading.default\">\n\t\t\t\t\t<h2 class=\"pp-dual-heading\"><span class=\"pp-second-text\">Comienza una conversaci\u00f3n con expertos en el sector.<br> \u00a1Encuentra tu hogar con nosotros!<\/span><\/h2>\t\t\t\t<\/div>\n\t\t\t\t<\/div>\n\t\t<div class=\"elementor-element elementor-element-3843334 e-con-full e-flex e-con e-child\" data-id=\"3843334\" data-element_type=\"container\">\n\t\t\t\t<div class=\"elementor-element elementor-element-1664ef7 elementor-widget elementor-widget-menu-anchor\" data-id=\"1664ef7\" data-element_type=\"widget\" data-widget_type=\"menu-anchor.default\">\n\t\t\t\t\t\t\t<div class=\"elementor-menu-anchor\" id=\"myForm\"><\/div>\n\t\t\t\t\t\t<\/div>\n\t\t\t\t<div class=\"elementor-element elementor-element-4139524 pp-contact-form-7-button-custom elementor-widget elementor-widget-pp-contact-form-7\" data-id=\"4139524\" data-element_type=\"widget\" data-widget_type=\"pp-contact-form-7.default\">\n\t\t\t\t\t\t\t\t\t<div class=\"pp-contact-form pp-contact-form-7 placeholder-show\">\n\t\t\t\t\t\t\t\t\t\t\t<div class=\"pp-contact-form-7-heading\">\n\t\t\t\t\t\t\t\t\t\t\t\t\t\t\t<h3 class=\"pp-contact-form-title pp-contact-form-7-title\">\n\t\t\t\t\t\t\t\t\tFormulario de contacto\t\t\t\t\t\t\t\t<\/h3>\n\t\t\t\t\t\t\t\t\t\t\t\t\t\t\t\t\t\t\t\t\t\t<div class=\"pp-contact-form-description pp-contact-form-7-description\">\n\t\t\t\t\t\t\t\t\t\u00bfNecesitas ayuda? Conecta con nosotros  y lo resolveremos.\t\t\t\t\t\t\t\t<\/div>\n\t\t\t\t\t\t\t\t\t\t\t\t\t<\/div>\n\t\t\t\t\t\t\t\t\t\t\n<div class=\"wpcf7 no-js\" id=\"wpcf7-f463-p759-o1\" lang=\"en-US\" dir=\"ltr\" data-wpcf7-id=\"463\">\n<div class=\"screen-reader-response\"><p role=\"status\" aria-live=\"polite\" aria-atomic=\"true\"><\/p> <ul><\/ul><\/div>\n<form action=\"\/index.php\/contact-us\/#wpcf7-f463-p759-o1\" method=\"post\" class=\"wpcf7-form init\" aria-label=\"Contact form\" novalidate=\"novalidate\" data-status=\"init\">\n<fieldset class=\"hidden-fields-container\"><input type=\"hidden\" name=\"_wpcf7\" value=\"463\" \/><input type=\"hidden\" name=\"_wpcf7_version\" value=\"6.1.4\" \/><input type=\"hidden\" name=\"_wpcf7_locale\" value=\"en_US\" \/><input type=\"hidden\" name=\"_wpcf7_unit_tag\" value=\"wpcf7-f463-p759-o1\" \/><input type=\"hidden\" name=\"_wpcf7_container_post\" value=\"759\" \/><input type=\"hidden\" name=\"_wpcf7_posted_data_hash\" value=\"\" \/>\n<\/fieldset>\n<div class=\"contactBox\">\n\t<div class=\"form-row ui-checkbox\">\n\t\t<h3>\u00bfPor que contactas con nosotros?\n\t\t<\/h3>\n\t\t<p><span class=\"wpcf7-form-control-wrap\" data-name=\"radio-433\"><span class=\"wpcf7-form-control wpcf7-radio columns-3\"><span class=\"wpcf7-list-item first\"><label><input type=\"radio\" name=\"radio-433\" value=\"Consulta general\" checked=\"checked\" \/><span class=\"wpcf7-list-item-label\">Consulta general<\/span><\/label><\/span><span class=\"wpcf7-list-item last\"><label><input type=\"radio\" name=\"radio-433\" value=\"Sobre servicios\" \/><span class=\"wpcf7-list-item-label\">Sobre servicios<\/span><\/label><\/span><\/span><\/span>\n\t\t<\/p>\n\t<\/div>\n<\/div>\n<div class=\"contactBox\">\n\t<div class=\"form-row ui-dropdown\">\n\t\t<p><label>Soy<\/label><br \/>\n<span class=\"wpcf7-form-control-wrap\" data-name=\"menu-159\"><select class=\"wpcf7-form-control wpcf7-select wpcf7-validates-as-required\" aria-required=\"true\" aria-invalid=\"false\" name=\"menu-159\"><option value=\"Freelancer \/ Peque\u00f1o negocio\">Freelancer \/ Peque\u00f1o negocio<\/option><option value=\"Arquitecto\">Arquitecto<\/option><option value=\"Ingeniero\">Ingeniero<\/option><option value=\"Doctor\">Doctor<\/option><option value=\"Estudiante\">Estudiante<\/option><option value=\"Otro\">Otro<\/option><option value=\"...\">...<\/option><\/select><\/span>\n\t\t<\/p>\n\t<\/div>\n\t<div class=\"form-row ui-dropdown\">\n\t\t<p><label>Estoy interesado<\/label><br \/>\n<span class=\"wpcf7-form-control-wrap\" data-name=\"menu-29\"><select class=\"wpcf7-form-control wpcf7-select wpcf7-validates-as-required\" aria-required=\"true\" aria-invalid=\"false\" name=\"menu-29\"><option value=\"\u00bfComo podemos ayudarte?\">\u00bfComo podemos ayudarte?<\/option><option value=\"Trabajo con nosotros\">Trabajo con nosotros<\/option><option value=\"Marketing\">Marketing<\/option><\/select><\/span>\n\t\t<\/p>\n\t<\/div>\n<\/div>\n<div class=\"contactBox\">\n\t<div class=\"form-row ui-grid\">\n\t\t<div class=\"field\">\n\t\t\t<p><label>Nombre *<\/label><span class=\"wpcf7-form-control-wrap\" data-name=\"text-454\"><input size=\"40\" maxlength=\"400\" class=\"wpcf7-form-control wpcf7-text wpcf7-validates-as-required\" aria-required=\"true\" aria-invalid=\"false\" placeholder=\"\" value=\"\" type=\"text\" name=\"text-454\" \/><\/span>\n\t\t\t<\/p>\n\t\t<\/div>\n\t\t<div class=\"field\">\n\t\t\t<p><label>Correo electr\u00f3nico *<\/label><span class=\"wpcf7-form-control-wrap\" data-name=\"email-428\"><input size=\"40\" maxlength=\"400\" class=\"wpcf7-form-control wpcf7-email wpcf7-validates-as-required wpcf7-text wpcf7-validates-as-email\" aria-required=\"true\" aria-invalid=\"false\" placeholder=\"\" value=\"\" type=\"email\" name=\"email-428\" \/><\/span>\n\t\t\t<\/p>\n\t\t<\/div>\n\t<\/div>\n\t<div class=\"form-row ui-grid\">\n\t\t<div class=\"field\">\n\t\t\t<p><label>N\u00famero de tel\u00e9fono *<\/label><span class=\"wpcf7-form-control-wrap\" data-name=\"tel-767\"><input size=\"40\" maxlength=\"400\" class=\"wpcf7-form-control wpcf7-tel wpcf7-validates-as-required wpcf7-text wpcf7-validates-as-tel\" aria-required=\"true\" aria-invalid=\"false\" placeholder=\"\" value=\"\" type=\"tel\" name=\"tel-767\" \/><\/span>\n\t\t\t<\/p>\n\t\t<\/div>\n\t\t<div class=\"field\">\n\t\t\t<p><label>Compa\u00f1\u00eda *<\/label><span class=\"wpcf7-form-control-wrap\" data-name=\"text-454\"><input size=\"40\" maxlength=\"400\" class=\"wpcf7-form-control wpcf7-text wpcf7-validates-as-required\" aria-required=\"true\" aria-invalid=\"false\" placeholder=\"\" value=\"\" type=\"text\" name=\"text-454\" \/><\/span>\n\t\t\t<\/p>\n\t\t<\/div>\n\t<\/div>\n\t<div class=\"form-row\">\n\t\t<p><label>Mensaje<\/label><span class=\"wpcf7-form-control-wrap\" data-name=\"textarea-442\"><textarea cols=\"40\" rows=\"10\" maxlength=\"2000\" class=\"wpcf7-form-control wpcf7-textarea\" aria-invalid=\"false\" placeholder=\"\u00bfQue necesitas?\" name=\"textarea-442\"><\/textarea><\/span>\n\t\t<\/p>\n\t<\/div>\n\t<div class=\"form-row\">\n\t\t<p><span class=\"wpcf7-form-control-wrap\" data-name=\"acceptance-262\"><span class=\"wpcf7-form-control wpcf7-acceptance\"><span class=\"wpcf7-list-item\"><label><input type=\"checkbox\" name=\"acceptance-262\" value=\"1\" checked=\"checked\" aria-invalid=\"false\" \/><span class=\"wpcf7-list-item-label\">Acepto recibir comunicaciones por parte de la empresa<\/span><\/label><\/span><\/span><\/span><br \/>\n<input class=\"wpcf7-form-control wpcf7-submit has-spinner\" type=\"submit\" value=\"Enviar mensaje\" \/>\n\t\t<\/p>\n\t<\/div>\n<\/div><div class=\"wpcf7-response-output\" aria-hidden=\"true\"><\/div>\n<\/form>\n<\/div>\n\t\t\t\t<\/div>\n\t\t\t\t\t\t\t\t<\/div>\n\t\t\t\t<\/div>\n\t\t<div class=\"elementor-element elementor-element-a6a16c1 e-con-full e-flex e-con e-child\" data-id=\"a6a16c1\" data-element_type=\"container\">\n\t\t\t\t<div class=\"elementor-element elementor-element-f7596ea elementor-widget elementor-widget-image\" data-id=\"f7596ea\" data-element_type=\"widget\" data-widget_type=\"image.default\">\n\t\t\t\t\t\t\t\t\t\t\t\t\t\t\t<img fetchpriority=\"high\" decoding=\"async\" width=\"1707\" height=\"2560\" src=\"https:\/\/agenteinmobiliariolastra.com\/wp-content\/uploads\/2025\/11\/group-of-young-business-people-at-the-office-2025-10-13-12-58-13-utc-scaled.jpg\" class=\"attachment-full size-full wp-image-1015\" alt=\"\" srcset=\"https:\/\/agenteinmobiliariolastra.com\/wp-content\/uploads\/2025\/11\/group-of-young-business-people-at-the-office-2025-10-13-12-58-13-utc-scaled.jpg 1707w, https:\/\/agenteinmobiliariolastra.com\/wp-content\/uploads\/2025\/11\/group-of-young-business-people-at-the-office-2025-10-13-12-58-13-utc-200x300.jpg 200w, https:\/\/agenteinmobiliariolastra.com\/wp-content\/uploads\/2025\/11\/group-of-young-business-people-at-the-office-2025-10-13-12-58-13-utc-683x1024.jpg 683w, https:\/\/agenteinmobiliariolastra.com\/wp-content\/uploads\/2025\/11\/group-of-young-business-people-at-the-office-2025-10-13-12-58-13-utc-768x1152.jpg 768w, https:\/\/agenteinmobiliariolastra.com\/wp-content\/uploads\/2025\/11\/group-of-young-business-people-at-the-office-2025-10-13-12-58-13-utc-1024x1536.jpg 1024w, https:\/\/agenteinmobiliariolastra.com\/wp-content\/uploads\/2025\/11\/group-of-young-business-people-at-the-office-2025-10-13-12-58-13-utc-1365x2048.jpg 1365w\" sizes=\"(max-width: 1707px) 100vw, 1707px\" \/>\t\t\t\t\t\t\t\t\t\t\t\t\t\t\t<\/div>\n\t\t\t\t<\/div>\n\t\t\t\t\t<\/div>\n\t\t\t\t<\/div>\n\t\t\t\t<\/div>\n\t\t","protected":false},"excerpt":{"rendered":"<p>Con\u00e9cta con nosotros \u00bfNecesitas ayuda? Nuestro equipo de soporte est\u00e1 activo para tus necesidades 247 v\u00eda email o tel\u00e9fono de contacto. Comienza una conversaci\u00f3n con expertos en el sector. \u00a1Encuentra tu hogar con nosotros! Formulario de contacto \u00bfNecesitas ayuda? Conecta con nosotros y lo resolveremos. \u00bfPor que contactas con nosotros? Consulta generalSobre serviciosTalentos Soy Freelancer [&hellip;]<\/p>\n","protected":false},"author":2,"featured_media":0,"parent":0,"menu_order":0,"comment_status":"closed","ping_status":"closed","template":"tmpl\/template-fullwidth.php","meta":{"_acf_changed":false,"footnotes":""},"class_list":["post-759","page","type-page","status-publish","hentry"],"acf":[],"_links":{"self":[{"href":"https:\/\/agenteinmobiliariolastra.com\/index.php\/wp-json\/wp\/v2\/pages\/759","targetHints":{"allow":["GET"]}}],"collection":[{"href":"https:\/\/agenteinmobiliariolastra.com\/index.php\/wp-json\/wp\/v2\/pages"}],"about":[{"href":"https:\/\/agenteinmobiliariolastra.com\/index.php\/wp-json\/wp\/v2\/types\/page"}],"author":[{"embeddable":true,"href":"https:\/\/agenteinmobiliariolastra.com\/index.php\/wp-json\/wp\/v2\/users\/2"}],"replies":[{"embeddable":true,"href":"https:\/\/agenteinmobiliariolastra.com\/index.php\/wp-json\/wp\/v2\/comments?post=759"}],"version-history":[{"count":32,"href":"https:\/\/agenteinmobiliariolastra.com\/index.php\/wp-json\/wp\/v2\/pages\/759\/revisions"}],"predecessor-version":[{"id":1147,"href":"https:\/\/agenteinmobiliariolastra.com\/index.php\/wp-json\/wp\/v2\/pages\/759\/revisions\/1147"}],"wp:attachment":[{"href":"https:\/\/agenteinmobiliariolastra.com\/index.php\/wp-json\/wp\/v2\/media?parent=759"}],"curies":[{"name":"wp","href":"https:\/\/api.w.org\/{rel}","templated":true}]}}