{"id":757,"date":"2024-07-18T02:39:57","date_gmt":"2024-07-18T02:39:57","guid":{"rendered":"https:\/\/live.21lab.co\/growlab\/?page_id=14"},"modified":"2025-12-01T15:09:39","modified_gmt":"2025-12-01T15:09:39","slug":"services","status":"publish","type":"page","link":"https:\/\/agenteinmobiliariolastra.com\/index.php\/services\/","title":{"rendered":"Servicios"},"content":{"rendered":"\t\t<div data-elementor-type=\"wp-page\" data-elementor-id=\"757\" class=\"elementor elementor-757\">\n\t\t\t\t<div class=\"elementor-element elementor-element-1245ce3 bgDark e-flex e-con-boxed e-con e-parent\" data-id=\"1245ce3\" data-element_type=\"container\" data-settings=\"{&quot;background_background&quot;:&quot;classic&quot;}\">\n\t\t\t\t\t<div class=\"e-con-inner\">\n\t\t<div class=\"elementor-element elementor-element-3c291ba e-con-full e-flex e-con e-child\" data-id=\"3c291ba\" data-element_type=\"container\">\n\t\t\t\t<div class=\"elementor-element elementor-element-aa4fd30 elementor-widget__width-initial elementor-widget elementor-widget-heading\" data-id=\"aa4fd30\" data-element_type=\"widget\" data-widget_type=\"heading.default\">\n\t\t\t\t\t<h2 class=\"elementor-heading-title elementor-size-default\">Servicios inmobiliarios<\/h2>\t\t\t\t<\/div>\n\t\t<div class=\"elementor-element elementor-element-7d5efbd e-grid e-con-full e-con e-child\" data-id=\"7d5efbd\" data-element_type=\"container\">\n\t\t\t\t<div class=\"elementor-element elementor-element-1530678 elementor-align-justify elementor-mobile-align-justify elementor-widget elementor-widget-button\" data-id=\"1530678\" data-element_type=\"widget\" data-widget_type=\"button.default\">\n\t\t\t\t\t\t\t\t\t\t<a class=\"elementor-button elementor-button-link elementor-size-sm\" href=\"https:\/\/agenteinmobiliariolastra.com\/#valorarvivienda\">\n\t\t\t\t\t\t<span class=\"elementor-button-content-wrapper\">\n\t\t\t\t\t\t\t\t\t<span class=\"elementor-button-text\">Valoramos tu vivienda<\/span>\n\t\t\t\t\t<\/span>\n\t\t\t\t\t<\/a>\n\t\t\t\t\t\t\t\t<\/div>\n\t\t\t\t<div class=\"elementor-element elementor-element-74f8a03 elementor-widget elementor-widget-text-editor\" data-id=\"74f8a03\" data-element_type=\"widget\" data-widget_type=\"text-editor.default\">\n\t\t\t\t\t\t\t\t\t<p>Soluciones a medida para comprar, vender o invertir en Le\u00f3n.<\/p>\t\t\t\t\t\t\t\t<\/div>\n\t\t\t\t<\/div>\n\t\t\t\t<\/div>\n\t\t\t\t\t<\/div>\n\t\t\t\t<\/div>\n\t\t<div class=\"elementor-element elementor-element-5afd3b3 e-flex e-con-boxed e-con e-parent\" data-id=\"5afd3b3\" data-element_type=\"container\" data-settings=\"{&quot;background_background&quot;:&quot;classic&quot;}\">\n\t\t\t\t\t<div class=\"e-con-inner\">\n\t\t<div class=\"elementor-element elementor-element-188ca61 e-con-full e-flex e-con e-child\" data-id=\"188ca61\" data-element_type=\"container\">\n\t\t\t\t<div class=\"elementor-element elementor-element-0056568 pp-dual-heading-inline elementor-widget elementor-widget-pp-dual-heading\" data-id=\"0056568\" data-element_type=\"widget\" data-widget_type=\"pp-dual-heading.default\">\n\t\t\t\t\t<h2 class=\"pp-dual-heading\"><span class=\"pp-first-text\">Nuestro servicio de consulta<\/span><span class=\"pp-second-text\">Te ayudo a vender tu vivienda en Le\u00f3n con una estrategia clara: valoraci\u00f3n profesional, fotograf\u00eda de calidad, difusi\u00f3n en portales l\u00edderes y negociaci\u00f3n orientada a obtener el mejor precio posible.<\/span><\/h2>\t\t\t\t<\/div>\n\t\t\t\t<\/div>\n\t\t<div class=\"elementor-element elementor-element-fa1cc1c e-con-full e-flex e-con e-child\" data-id=\"fa1cc1c\" data-element_type=\"container\">\n\t\t\t\t<div class=\"elementor-element elementor-element-5904334 elementor-widget elementor-widget-image\" data-id=\"5904334\" data-element_type=\"widget\" data-widget_type=\"image.default\">\n\t\t\t\t\t\t\t\t\t\t\t\t\t\t\t\t<a href=\"https:\/\/live.21lab.co\/growlab\/services\/business-start-up-consulting-services\/\">\n\t\t\t\t\t\t\t<img decoding=\"async\" src=\"https:\/\/agenteinmobiliariolastra.com\/wp-content\/uploads\/elementor\/thumbs\/team-architects-brainstorming-together-over-joint-2024-12-02-13-41-35-utc-scaled-rfis79reg9mmmvz63ntp0ubfzo6h3pcw7c80khfdf0.jpg\" title=\"Team of engineers or architects, brainstorming together over joi\" alt=\"Team of engineers or architects, brainstorming together over joint building project during meeting in modern office.\" loading=\"lazy\" \/>\t\t\t\t\t\t\t\t<\/a>\n\t\t\t\t\t\t\t\t\t\t\t\t\t\t\t<\/div>\n\t\t\t\t<div class=\"elementor-element elementor-element-2e0a071 pp-info-list-icon-left pp-info-list-icon-vertical-middle elementor-widget elementor-widget-pp-info-list\" data-id=\"2e0a071\" data-element_type=\"widget\" data-widget_type=\"pp-info-list.default\">\n\t\t\t\t\t\t\t<div class=\"pp-info-list-container pp-list-container\">\n\t\t\t<ul class=\"pp-list-items\">\n\t\t\t\t\t\t\t\t\t\t\t\t\t\t\t<li class=\"pp-info-list-item\">\n\t\t\t\t\t\t\t\t\t\t\t\t\t\t\t\t\t\t\t\t\t\t<div class=\"pp-info-list-item-inner\">\n\t\t\t\t\t\t\t\t\t\t\t\t<div class=\"pp-infolist-icon-wrapper\">\n\t\t\t\t\t\t\t\t\t\t<span class=\"pp-info-list-image \"><img decoding=\"async\" src=\"https:\/\/agenteinmobiliariolastra.com\/wp-content\/uploads\/2025\/12\/ChatGPT-Image-28-nov-2025-12_13_07.png\" alt=\"ChatGPT Image 28 nov 2025, 12_13_07\"><\/span>\n\t\t\t\t\t\t\t\t\t<\/div>\n\t\t\t\t\t\t\t\t\t\t\t\t<div class=\"pp-infolist-content-wrapper\">\n\t\t\t\t\t\t\t\t\t\t\t\t\t\t\t\t\t\t\t\t\t<div class=\"pp-info-list-title\">\n\t\t\t\t\t\t\t\t\t\t\t\t\t\t\t\t\t\t\t\t\t\t\tVenta profesional\t\t\t\t\t\t\t\t\t\t\t\t\t\t\t\t\t\t\t\t\t\t<\/div>\n\t\t\t\t\t\t\t\t\t\t\t\t\t\t\t\t\t\t\t\t\t\t\t\t\t\t\t\t\t\t\t<div class=\"pp-info-list-description\">\n\t\t\t\t\t\t\t\t\t\t\t\tValoraci\u00f3n objetiva, marketing fotogra\u0301fico y difusio\u0301n en portales. Gestionamos visitas y negociamos para conseguir el mejor precio por tu inmueble.\n\n\t\t\t\t\t\t\t\t\t\t\t<\/div>\n\t\t\t\t\t\t\t\t\t\t\t\t\t\t\t\t\t\t\t\t\t\t\t\t\t\t\t\t\t\t<\/div>\n\t\t\t\t\t\t\t\t<\/div>\n\t\t\t\t\t\t\t\t\t\t\t\t\t<\/li>\n\t\t\t\t\t\t\t\t\t\t\t\t\t<\/ul>\n\t\t<\/div>\n\t\t\t\t\t\t<\/div>\n\t\t\t\t<\/div>\n\t\t<div class=\"elementor-element elementor-element-66c4c62 e-con-full e-flex e-con e-child\" data-id=\"66c4c62\" data-element_type=\"container\">\n\t\t\t\t<div class=\"elementor-element elementor-element-9f6101a elementor-widget elementor-widget-image\" data-id=\"9f6101a\" data-element_type=\"widget\" data-widget_type=\"image.default\">\n\t\t\t\t\t\t\t\t\t\t\t\t\t\t\t\t<a href=\"https:\/\/live.21lab.co\/growlab\/services\/small-business-consulting-services\/\">\n\t\t\t\t\t\t\t<img decoding=\"async\" src=\"https:\/\/agenteinmobiliariolastra.com\/wp-content\/uploads\/elementor\/thumbs\/happy-couple-enjoying-while-using-smart-phone-on-t-2025-09-09-18-34-35-utc-scaled-rfiruqkvbsgzu26ja8srs066upyagzlqhb2y7o0cdo.jpg\" title=\"Happy couple enjoying while using smart phone on the porch.\" alt=\"Relaxed couple using mobile phone while spending an afternoon on the porch. Copy space.\" loading=\"lazy\" \/>\t\t\t\t\t\t\t\t<\/a>\n\t\t\t\t\t\t\t\t\t\t\t\t\t\t\t<\/div>\n\t\t\t\t<div class=\"elementor-element elementor-element-eb81282 pp-info-list-icon-left pp-info-list-icon-vertical-middle elementor-widget elementor-widget-pp-info-list\" data-id=\"eb81282\" data-element_type=\"widget\" data-widget_type=\"pp-info-list.default\">\n\t\t\t\t\t\t\t<div class=\"pp-info-list-container pp-list-container\">\n\t\t\t<ul class=\"pp-list-items\">\n\t\t\t\t\t\t\t\t\t\t\t\t\t\t\t<li class=\"pp-info-list-item\">\n\t\t\t\t\t\t\t\t\t\t\t\t\t\t\t\t\t\t\t\t\t\t<div class=\"pp-info-list-item-inner\">\n\t\t\t\t\t\t\t\t\t\t\t\t<div class=\"pp-infolist-icon-wrapper\">\n\t\t\t\t\t\t\t\t\t\t<span class=\"pp-info-list-image \"><img decoding=\"async\" src=\"https:\/\/agenteinmobiliariolastra.com\/wp-content\/uploads\/2025\/12\/ChatGPT-Image-28-nov-2025-12_13_07.png\" alt=\"ChatGPT Image 28 nov 2025, 12_13_07\"><\/span>\n\t\t\t\t\t\t\t\t\t<\/div>\n\t\t\t\t\t\t\t\t\t\t\t\t<div class=\"pp-infolist-content-wrapper\">\n\t\t\t\t\t\t\t\t\t\t\t\t\t\t\t\t\t\t\t\t\t<div class=\"pp-info-list-title\">\n\t\t\t\t\t\t\t\t\t\t\t\t\t\t\t\t\t\t\t\t\t\t\tB\u00fasqueda personalizada\t\t\t\t\t\t\t\t\t\t\t\t\t\t\t\t\t\t\t\t\t\t<\/div>\n\t\t\t\t\t\t\t\t\t\t\t\t\t\t\t\t\t\t\t\t\t\t\t\t\t\t\t\t\t\t\t<div class=\"pp-info-list-description\">\n\t\t\t\t\t\t\t\t\t\t\t\tBuscamos la vivienda que se ajuste a tus necesidades: barrio, transporte, colegios y presupuesto. Preseleccionamos y organizamos visitas eficaces.\t\t\t\t\t\t\t\t\t\t\t<\/div>\n\t\t\t\t\t\t\t\t\t\t\t\t\t\t\t\t\t\t\t\t\t\t\t\t\t\t\t\t\t\t<\/div>\n\t\t\t\t\t\t\t\t<\/div>\n\t\t\t\t\t\t\t\t\t\t\t\t\t<\/li>\n\t\t\t\t\t\t\t\t\t\t\t\t\t<\/ul>\n\t\t<\/div>\n\t\t\t\t\t\t<\/div>\n\t\t\t\t<\/div>\n\t\t<div class=\"elementor-element elementor-element-f366b10 e-con-full e-flex e-con e-child\" data-id=\"f366b10\" data-element_type=\"container\">\n\t\t\t\t<div class=\"elementor-element elementor-element-f9692bc elementor-widget elementor-widget-image\" data-id=\"f9692bc\" data-element_type=\"widget\" data-widget_type=\"image.default\">\n\t\t\t\t\t\t\t\t\t\t\t\t\t\t\t\t<a href=\"https:\/\/live.21lab.co\/growlab\/services\/marketing-consulting-services-agency\/\">\n\t\t\t\t\t\t\t<img decoding=\"async\" src=\"https:\/\/agenteinmobiliariolastra.com\/wp-content\/uploads\/elementor\/thumbs\/asian-business-woman-putting-to-stacking-coins-wit-2025-10-15-04-57-16-utc-scaled-rfis2d1qrewq073urjfu02wsb8dgwlvcv1kqcgpdws.jpg\" title=\"asian-business-woman-putting-to-stacking-coins-wit-2025-10-15-04-57-16-utc\" alt=\"asian-business-woman-putting-to-stacking-coins-wit-2025-10-15-04-57-16-utc\" loading=\"lazy\" \/>\t\t\t\t\t\t\t\t<\/a>\n\t\t\t\t\t\t\t\t\t\t\t\t\t\t\t<\/div>\n\t\t\t\t<div class=\"elementor-element elementor-element-c8919b8 pp-info-list-icon-left pp-info-list-icon-vertical-middle elementor-widget elementor-widget-pp-info-list\" data-id=\"c8919b8\" data-element_type=\"widget\" data-widget_type=\"pp-info-list.default\">\n\t\t\t\t\t\t\t<div class=\"pp-info-list-container pp-list-container\">\n\t\t\t<ul class=\"pp-list-items\">\n\t\t\t\t\t\t\t\t\t\t\t\t\t\t\t<li class=\"pp-info-list-item\">\n\t\t\t\t\t\t\t\t\t\t\t\t\t\t\t\t\t\t\t\t\t\t<div class=\"pp-info-list-item-inner\">\n\t\t\t\t\t\t\t\t\t\t\t\t<div class=\"pp-infolist-icon-wrapper\">\n\t\t\t\t\t\t\t\t\t\t<span class=\"pp-info-list-image \"><img decoding=\"async\" src=\"https:\/\/agenteinmobiliariolastra.com\/wp-content\/uploads\/2025\/12\/ChatGPT-Image-28-nov-2025-12_13_07.png\" alt=\"ChatGPT Image 28 nov 2025, 12_13_07\"><\/span>\n\t\t\t\t\t\t\t\t\t<\/div>\n\t\t\t\t\t\t\t\t\t\t\t\t<div class=\"pp-infolist-content-wrapper\">\n\t\t\t\t\t\t\t\t\t\t\t\t\t\t\t\t\t\t\t\t\t<div class=\"pp-info-list-title\">\n\t\t\t\t\t\t\t\t\t\t\t\t\t\t\t\t\t\t\t\t\t\t\tGesti\u00f3n de compra\t\t\t\t\t\t\t\t\t\t\t\t\t\t\t\t\t\t\t\t\t\t<\/div>\n\t\t\t\t\t\t\t\t\t\t\t\t\t\t\t\t\t\t\t\t\t\t\t\t\t\t\t\t\t\t\t<div class=\"pp-info-list-description\">\n\t\t\t\t\t\t\t\t\t\t\t\tAsesor\u00eda legal y financiera desde la oferta hasta la firma. Revisi\u00f3n de contratos, coordinaci\u00f3n con notar\u00eda y apoyo en la financiaci\u00f3n.\t\t\t\t\t\t\t\t\t\t\t<\/div>\n\t\t\t\t\t\t\t\t\t\t\t\t\t\t\t\t\t\t\t\t\t\t\t\t\t\t\t\t\t\t<\/div>\n\t\t\t\t\t\t\t\t<\/div>\n\t\t\t\t\t\t\t\t\t\t\t\t\t<\/li>\n\t\t\t\t\t\t\t\t\t\t\t\t\t<\/ul>\n\t\t<\/div>\n\t\t\t\t\t\t<\/div>\n\t\t\t\t<\/div>\n\t\t<div class=\"elementor-element elementor-element-26f64cc e-con-full e-flex e-con e-child\" data-id=\"26f64cc\" data-element_type=\"container\">\n\t\t\t\t<div class=\"elementor-element elementor-element-aaa5f6d elementor-widget elementor-widget-image\" data-id=\"aaa5f6d\" data-element_type=\"widget\" data-widget_type=\"image.default\">\n\t\t\t\t\t\t\t\t\t\t\t\t\t\t\t\t<a href=\"https:\/\/live.21lab.co\/growlab\/services\/digital-business-consulting-services\/\">\n\t\t\t\t\t\t\t<img decoding=\"async\" src=\"https:\/\/agenteinmobiliariolastra.com\/wp-content\/uploads\/elementor\/thumbs\/indian-couple-in-their-thirties-enjoying-coffee-an-2025-01-16-13-09-53-utc-scaled-rfiruy3kugraexvm2c1sby9vlsx86kfl6cau1vp6zw.jpeg\" title=\"Young Indian couple chatting over morning coffee on balcony, sunlight adds warm ambiance\" alt=\"Young Indian couple enjoying morning coffee on balcony, sharing a relaxed conversation in warm sunlight, view from below\" loading=\"lazy\" \/>\t\t\t\t\t\t\t\t<\/a>\n\t\t\t\t\t\t\t\t\t\t\t\t\t\t\t<\/div>\n\t\t\t\t<div class=\"elementor-element elementor-element-180ac32 pp-info-list-icon-left pp-info-list-icon-vertical-middle elementor-widget elementor-widget-pp-info-list\" data-id=\"180ac32\" data-element_type=\"widget\" data-widget_type=\"pp-info-list.default\">\n\t\t\t\t\t\t\t<div class=\"pp-info-list-container pp-list-container\">\n\t\t\t<ul class=\"pp-list-items\">\n\t\t\t\t\t\t\t\t\t\t\t\t\t\t\t<li class=\"pp-info-list-item\">\n\t\t\t\t\t\t\t\t\t\t\t\t\t\t\t\t\t\t\t\t\t\t<div class=\"pp-info-list-item-inner\">\n\t\t\t\t\t\t\t\t\t\t\t\t<div class=\"pp-infolist-icon-wrapper\">\n\t\t\t\t\t\t\t\t\t\t<span class=\"pp-info-list-image \"><img decoding=\"async\" src=\"https:\/\/agenteinmobiliariolastra.com\/wp-content\/uploads\/2025\/12\/ChatGPT-Image-28-nov-2025-12_13_07.png\" alt=\"ChatGPT Image 28 nov 2025, 12_13_07\"><\/span>\n\t\t\t\t\t\t\t\t\t<\/div>\n\t\t\t\t\t\t\t\t\t\t\t\t<div class=\"pp-infolist-content-wrapper\">\n\t\t\t\t\t\t\t\t\t\t\t\t\t\t\t\t\t\t\t\t\t<div class=\"pp-info-list-title\">\n\t\t\t\t\t\t\t\t\t\t\t\t\t\t\t\t\t\t\t\t\t\t\tAlquiler y gesti\u00f3n de arrendamientos\t\t\t\t\t\t\t\t\t\t\t\t\t\t\t\t\t\t\t\t\t\t<\/div>\n\t\t\t\t\t\t\t\t\t\t\t\t\t\t\t\t\t\t\t\t\t\t\t\t\t\t\t\t\t\t\t<div class=\"pp-info-list-description\">\n\t\t\t\t\t\t\t\t\t\t\t\tSelecci\u00f3n de inquilinos, contratos seguros y gesti\u00f3n de cobros y mantenimiento para propietarios que buscan tranquilidad y rentabilidad.\t\t\t\t\t\t\t\t\t\t\t<\/div>\n\t\t\t\t\t\t\t\t\t\t\t\t\t\t\t\t\t\t\t\t\t\t\t\t\t\t\t\t\t\t<\/div>\n\t\t\t\t\t\t\t\t<\/div>\n\t\t\t\t\t\t\t\t\t\t\t\t\t<\/li>\n\t\t\t\t\t\t\t\t\t\t\t\t\t<\/ul>\n\t\t<\/div>\n\t\t\t\t\t\t<\/div>\n\t\t\t\t<\/div>\n\t\t<div class=\"elementor-element elementor-element-da8b35c e-con-full e-flex e-con e-child\" data-id=\"da8b35c\" data-element_type=\"container\">\n\t\t\t\t<div class=\"elementor-element elementor-element-df87804 elementor-widget elementor-widget-image\" data-id=\"df87804\" data-element_type=\"widget\" data-widget_type=\"image.default\">\n\t\t\t\t\t\t\t\t\t\t\t\t\t\t\t\t<a href=\"https:\/\/live.21lab.co\/growlab\/services\/international-business-consulting\/\">\n\t\t\t\t\t\t\t<img decoding=\"async\" src=\"https:\/\/agenteinmobiliariolastra.com\/wp-content\/uploads\/elementor\/thumbs\/hands-collaboration-and-city-with-digital-overlay-2025-04-05-21-36-36-utc-scaled-rfirxrm5ckm98ts5ljxht8nnrf0v9vmlkar9vriobw.jpg\" title=\"hands-collaboration-and-city-with-digital-overlay-2025-04-05-21-36-36-utc\" alt=\"Hands, collaboration and city with digital overlay and business team in a huddle circle for support.\" loading=\"lazy\" \/>\t\t\t\t\t\t\t\t<\/a>\n\t\t\t\t\t\t\t\t\t\t\t\t\t\t\t<\/div>\n\t\t\t\t<div class=\"elementor-element elementor-element-44d4aa8 pp-info-list-icon-left pp-info-list-icon-vertical-middle elementor-widget elementor-widget-pp-info-list\" data-id=\"44d4aa8\" data-element_type=\"widget\" data-widget_type=\"pp-info-list.default\">\n\t\t\t\t\t\t\t<div class=\"pp-info-list-container pp-list-container\">\n\t\t\t<ul class=\"pp-list-items\">\n\t\t\t\t\t\t\t\t\t\t\t\t\t\t\t<li class=\"pp-info-list-item\">\n\t\t\t\t\t\t\t\t\t\t\t\t\t\t\t\t\t\t\t\t\t\t<div class=\"pp-info-list-item-inner\">\n\t\t\t\t\t\t\t\t\t\t\t\t<div class=\"pp-infolist-icon-wrapper\">\n\t\t\t\t\t\t\t\t\t\t<span class=\"pp-info-list-image \"><img decoding=\"async\" src=\"https:\/\/agenteinmobiliariolastra.com\/wp-content\/uploads\/2025\/12\/ChatGPT-Image-28-nov-2025-12_13_07.png\" alt=\"ChatGPT Image 28 nov 2025, 12_13_07\"><\/span>\n\t\t\t\t\t\t\t\t\t<\/div>\n\t\t\t\t\t\t\t\t\t\t\t\t<div class=\"pp-infolist-content-wrapper\">\n\t\t\t\t\t\t\t\t\t\t\t\t\t\t\t\t\t\t\t\t\t<div class=\"pp-info-list-title\">\n\t\t\t\t\t\t\t\t\t\t\t\t\t\t\t\t\t\t\t\t\t\t\tInversi\u00f3n y an\u00e1lisis de rentabilidad\t\t\t\t\t\t\t\t\t\t\t\t\t\t\t\t\t\t\t\t\t\t<\/div>\n\t\t\t\t\t\t\t\t\t\t\t\t\t\t\t\t\t\t\t\t\t\t\t\t\t\t\t\t\t\t\t<div class=\"pp-info-list-description\">\n\t\t\t\t\t\t\t\t\t\t\t\tEstudios de mercado local, proyecciones de rentabilidad y b\u00fasqueda de oportunidades en los barrios con mayor potencial de Le\u00f3n.\t\t\t\t\t\t\t\t\t\t\t<\/div>\n\t\t\t\t\t\t\t\t\t\t\t\t\t\t\t\t\t\t\t\t\t\t\t\t\t\t\t\t\t\t\t\t<div class=\"pp-info-list-button-wrapper pp-info-list-button-icon-after\">\n\t\t\t\t\t\t\t\t\t\t\t\t<a href=\"http:\/\/International%20Business\">\n\t\t\t\t\t\t\t\t\t\t\t\t\t<div class=\"pp-info-list-button elementor-button elementor-size-sm\">\n\t\t\t\t\t\t\t\t\t\t\t\t\t\t\n\t\t\t\t\t\t\t\t\t\t\t\t\t\t\t\t\t\t\t\t\t\t\t\t\t\t\t<\/div>\n\t\t\t\t\t\t\t\t\t\t\t\t<\/a>\n\t\t\t\t\t\t\t\t\t\t\t<\/div>\n\t\t\t\t\t\t\t\t\t\t\t\t\t\t\t\t\t\t\t<\/div>\n\t\t\t\t\t\t\t\t<\/div>\n\t\t\t\t\t\t\t\t\t\t\t\t\t<\/li>\n\t\t\t\t\t\t\t\t\t\t\t\t\t<\/ul>\n\t\t<\/div>\n\t\t\t\t\t\t<\/div>\n\t\t\t\t<\/div>\n\t\t<div class=\"elementor-element elementor-element-f71f84f e-con-full e-flex e-con e-child\" data-id=\"f71f84f\" data-element_type=\"container\">\n\t\t\t\t<div class=\"elementor-element elementor-element-74e85e7 elementor-widget elementor-widget-image\" data-id=\"74e85e7\" data-element_type=\"widget\" data-widget_type=\"image.default\">\n\t\t\t\t\t\t\t\t\t\t\t\t\t\t\t\t<a href=\"https:\/\/live.21lab.co\/growlab\/services\/us-market-entry-consultants\/\">\n\t\t\t\t\t\t\t<img decoding=\"async\" src=\"https:\/\/agenteinmobiliariolastra.com\/wp-content\/uploads\/elementor\/thumbs\/business-approve-and-certificate-concept-confirma-2025-03-26-04-25-07-utc-scaled-rfd611o3i6aco405tlxe9h5z4lmfvbb67gz554x8rw.jpg\" title=\"business approve and certificate concept, confirmation of business marketing document permit\" alt=\"Business people, laptop and clapping hands in meeting for proposal, logo or reveal in office. Team, applause and corporate success by group celebrating achievement, project and job well done together\" loading=\"lazy\" \/>\t\t\t\t\t\t\t\t<\/a>\n\t\t\t\t\t\t\t\t\t\t\t\t\t\t\t<\/div>\n\t\t\t\t<div class=\"elementor-element elementor-element-68f3abd pp-info-list-icon-left pp-info-list-icon-vertical-middle elementor-widget elementor-widget-pp-info-list\" data-id=\"68f3abd\" data-element_type=\"widget\" data-widget_type=\"pp-info-list.default\">\n\t\t\t\t\t\t\t<div class=\"pp-info-list-container pp-list-container\">\n\t\t\t<ul class=\"pp-list-items\">\n\t\t\t\t\t\t\t\t\t\t\t\t\t\t\t<li class=\"pp-info-list-item\">\n\t\t\t\t\t\t\t\t\t\t\t\t\t\t\t\t\t\t\t\t\t\t<div class=\"pp-info-list-item-inner\">\n\t\t\t\t\t\t\t\t\t\t\t\t<div class=\"pp-infolist-icon-wrapper\">\n\t\t\t\t\t\t\t\t\t\t<span class=\"pp-info-list-image \"><img decoding=\"async\" src=\"https:\/\/agenteinmobiliariolastra.com\/wp-content\/uploads\/2025\/12\/ChatGPT-Image-28-nov-2025-12_13_07.png\" alt=\"ChatGPT Image 28 nov 2025, 12_13_07\"><\/span>\n\t\t\t\t\t\t\t\t\t<\/div>\n\t\t\t\t\t\t\t\t\t\t\t\t<div class=\"pp-infolist-content-wrapper\">\n\t\t\t\t\t\t\t\t\t\t\t\t\t\t\t\t\t\t\t\t\t<div class=\"pp-info-list-title\">\n\t\t\t\t\t\t\t\t\t\t\t\t\t\t\t\t\t\t\t\t\t\t\tValoraci\u00f3n profesional\t\t\t\t\t\t\t\t\t\t\t\t\t\t\t\t\t\t\t\t\t\t<\/div>\n\t\t\t\t\t\t\t\t\t\t\t\t\t\t\t\t\t\t\t\t\t\t\t\t\t\t\t\t\t\t\t<div class=\"pp-info-list-description\">\n\t\t\t\t\t\t\t\t\t\t\t\tInformes con comparables reales y datos del mercado para fijar un precio competitivo y realista que acelere la venta.\t\t\t\t\t\t\t\t\t\t\t<\/div>\n\t\t\t\t\t\t\t\t\t\t\t\t\t\t\t\t\t\t\t\t\t\t\t\t\t\t\t\t\t\t<\/div>\n\t\t\t\t\t\t\t\t<\/div>\n\t\t\t\t\t\t\t\t\t\t\t\t\t<\/li>\n\t\t\t\t\t\t\t\t\t\t\t\t\t<\/ul>\n\t\t<\/div>\n\t\t\t\t\t\t<\/div>\n\t\t\t\t<\/div>\n\t\t\t\t\t<\/div>\n\t\t\t\t<\/div>\n\t\t<div class=\"elementor-element elementor-element-e1350a3 bgLight e-flex e-con-boxed e-con e-parent\" data-id=\"e1350a3\" data-element_type=\"container\">\n\t\t\t\t\t<div class=\"e-con-inner\">\n\t\t<div class=\"elementor-element elementor-element-19ff0c7 e-con-full e-flex e-con e-child\" data-id=\"19ff0c7\" data-element_type=\"container\">\n\t\t\t\t<div class=\"elementor-element elementor-element-02fe1e3 pp-dual-heading-block elementor-widget elementor-widget-pp-dual-heading\" data-id=\"02fe1e3\" data-element_type=\"widget\" data-widget_type=\"pp-dual-heading.default\">\n\t\t\t\t\t<h2 class=\"pp-dual-heading\"><span class=\"pp-first-text\">\u00bfPor qu\u00e9 elegirnos?<\/span><span class=\"pp-second-text\">C\u00f3mo trabajamos\n<br><br>\nProceso simple y eficiente: valoraci\u00f3n \u2192 estrategia \u2192 visitas \u2192 negociaci\u00f3n \u2192 firma. En cada fase tendr\u00e1s informaci\u00f3n clara y entrega de documentaci\u00f3n.\n<br><br>\n-Informes peri\u00f3dicos y m\u00e9tricas de visitas\n<br>\n-Negociaci\u00f3n orientada al mejor resultado\n<br>\n-Coordinaci\u00f3n con servicios legales y financieros\n<br><br>\n\u00bfEst\u00e1s listo para dar el paso?\n<\/span><\/h2>\t\t\t\t<\/div>\n\t\t\t\t<\/div>\n\t\t\t\t\t<\/div>\n\t\t\t\t<\/div>\n\t\t<div class=\"elementor-element elementor-element-4ba42eb e-flex e-con-boxed e-con e-parent\" data-id=\"4ba42eb\" data-element_type=\"container\">\n\t\t\t\t\t<div class=\"e-con-inner\">\n\t\t\t\t\t<\/div>\n\t\t\t\t<\/div>\n\t\t\t\t<\/div>\n\t\t","protected":false},"excerpt":{"rendered":"<p>Servicios inmobiliarios Valoramos tu vivienda Soluciones a medida para comprar, vender o invertir en Le\u00f3n. Nuestro servicio de consultaTe ayudo a vender tu vivienda en Le\u00f3n con una estrategia clara: valoraci\u00f3n profesional, fotograf\u00eda de calidad, difusi\u00f3n en portales l\u00edderes y negociaci\u00f3n orientada a obtener el mejor precio posible. Venta profesional Valoraci\u00f3n objetiva, marketing fotogra\u0301fico y [&hellip;]<\/p>\n","protected":false},"author":2,"featured_media":0,"parent":0,"menu_order":0,"comment_status":"closed","ping_status":"closed","template":"tmpl\/template-fullwidth.php","meta":{"_acf_changed":false,"footnotes":""},"class_list":["post-757","page","type-page","status-publish","hentry"],"acf":[],"_links":{"self":[{"href":"https:\/\/agenteinmobiliariolastra.com\/index.php\/wp-json\/wp\/v2\/pages\/757","targetHints":{"allow":["GET"]}}],"collection":[{"href":"https:\/\/agenteinmobiliariolastra.com\/index.php\/wp-json\/wp\/v2\/pages"}],"about":[{"href":"https:\/\/agenteinmobiliariolastra.com\/index.php\/wp-json\/wp\/v2\/types\/page"}],"author":[{"embeddable":true,"href":"https:\/\/agenteinmobiliariolastra.com\/index.php\/wp-json\/wp\/v2\/users\/2"}],"replies":[{"embeddable":true,"href":"https:\/\/agenteinmobiliariolastra.com\/index.php\/wp-json\/wp\/v2\/comments?post=757"}],"version-history":[{"count":44,"href":"https:\/\/agenteinmobiliariolastra.com\/index.php\/wp-json\/wp\/v2\/pages\/757\/revisions"}],"predecessor-version":[{"id":1311,"href":"https:\/\/agenteinmobiliariolastra.com\/index.php\/wp-json\/wp\/v2\/pages\/757\/revisions\/1311"}],"wp:attachment":[{"href":"https:\/\/agenteinmobiliariolastra.com\/index.php\/wp-json\/wp\/v2\/media?parent=757"}],"curies":[{"name":"wp","href":"https:\/\/api.w.org\/{rel}","templated":true}]}}