{"id":12,"date":"2024-07-18T02:39:13","date_gmt":"2024-07-18T02:39:13","guid":{"rendered":"https:\/\/live.21lab.co\/growlab\/?page_id=12"},"modified":"2025-11-28T10:17:01","modified_gmt":"2025-11-28T10:17:01","slug":"company","status":"publish","type":"page","link":"https:\/\/agenteinmobiliariolastra.com\/index.php\/company\/","title":{"rendered":"Quienes somos"},"content":{"rendered":"\t\t<div data-elementor-type=\"wp-page\" data-elementor-id=\"12\" class=\"elementor elementor-12\">\n\t\t\t\t<div class=\"elementor-element elementor-element-647e8cb bgDark e-flex e-con-boxed e-con e-parent\" data-id=\"647e8cb\" data-element_type=\"container\" data-settings=\"{&quot;background_background&quot;:&quot;classic&quot;}\">\n\t\t\t\t\t<div class=\"e-con-inner\">\n\t\t<div class=\"elementor-element elementor-element-f7d1857 e-con-full e-flex e-con e-child\" data-id=\"f7d1857\" data-element_type=\"container\">\n\t\t\t\t<div class=\"elementor-element elementor-element-b835245 elementor-widget elementor-widget-heading\" data-id=\"b835245\" data-element_type=\"widget\" data-widget_type=\"heading.default\">\n\t\t\t\t\t<h2 class=\"elementor-heading-title elementor-size-default\">Con\u00f3ceme<\/h2>\t\t\t\t<\/div>\n\t\t<div class=\"elementor-element elementor-element-300d12f e-grid e-con-full e-con e-child\" data-id=\"300d12f\" data-element_type=\"container\">\n\t\t\t\t<div class=\"elementor-element elementor-element-045245d elementor-widget elementor-widget-text-editor\" data-id=\"045245d\" data-element_type=\"widget\" data-widget_type=\"text-editor.default\">\n\t\t\t\t\t\t\t\t\t<p>\u00a0Asesoramiento profesional, transparencia y resultados desde el primer contacto.<\/p>\t\t\t\t\t\t\t\t<\/div>\n\t\t\t\t<\/div>\n\t\t\t\t<\/div>\n\t\t\t\t\t<\/div>\n\t\t\t\t<\/div>\n\t\t<div class=\"elementor-element elementor-element-69680a4 e-flex e-con-boxed e-con e-parent\" data-id=\"69680a4\" data-element_type=\"container\">\n\t\t\t\t\t<div class=\"e-con-inner\">\n\t\t<div class=\"elementor-element elementor-element-4ebc727 e-con-full elementor-hidden-tablet elementor-hidden-mobile e-flex e-con e-child\" data-id=\"4ebc727\" data-element_type=\"container\">\n\t\t\t\t<div class=\"elementor-element elementor-element-da65bb5 elementor-widget elementor-widget-image\" data-id=\"da65bb5\" data-element_type=\"widget\" data-widget_type=\"image.default\">\n\t\t\t\t\t\t\t\t\t\t\t\t\t\t\t<img fetchpriority=\"high\" decoding=\"async\" width=\"241\" height=\"316\" src=\"https:\/\/agenteinmobiliariolastra.com\/wp-content\/uploads\/2025\/11\/petit.jpg\" class=\"attachment-large size-large wp-image-951\" alt=\"\" srcset=\"https:\/\/agenteinmobiliariolastra.com\/wp-content\/uploads\/2025\/11\/petit.jpg 241w, https:\/\/agenteinmobiliariolastra.com\/wp-content\/uploads\/2025\/11\/petit-229x300.jpg 229w\" sizes=\"(max-width: 241px) 100vw, 241px\" \/>\t\t\t\t\t\t\t\t\t\t\t\t\t\t\t<\/div>\n\t\t\t\t<\/div>\n\t\t<div class=\"elementor-element elementor-element-a226aa3 e-con-full e-flex e-con e-child\" data-id=\"a226aa3\" data-element_type=\"container\">\n\t\t\t\t<div class=\"elementor-element elementor-element-6b56f2a elementor-widget elementor-widget-text-editor\" data-id=\"6b56f2a\" data-element_type=\"widget\" data-widget_type=\"text-editor.default\">\n\t\t\t\t\t\t\t\t\t<p><strong>\u00bfQui\u00e9n soy?<\/strong><\/p><p>Asesor inmobiliario en <strong>Le\u00f3n<\/strong> especializado en venta de viviendas.<\/p><p>Soy <strong>Javier Lastra<\/strong>, asesor inmobiliario independiente con amplia experiencia en la venta de pisos y casas en <strong>Le\u00f3n<\/strong> capital. Mi objetivo es ofrecerte un servicio profesional, cercano y totalmente personalizado, acompa\u00f1\u00e1ndote en cada etapa del proceso para que vender tu vivienda sea un camino sencillo, seguro y rentable.<\/p><p>Como agente inmobiliario experto en <strong>Le\u00f3n<\/strong>, conozco en profundidad la evoluci\u00f3n del mercado local, los barrios, los precios reales de venta y las tendencias actuales. Esto me permite realizar una valoraci\u00f3n precisa y adaptada al mercado, un paso fundamental para lograr una comercializaci\u00f3n eficaz y conseguir el mejor precio en el menor tiempo posible.<\/p><p>Marketing inmobiliario de \u00faltima generaci\u00f3n<\/p><p>Vender una vivienda es una de las decisiones m\u00e1s importantes de tu vida. Por eso te ofrezco un acompa\u00f1amiento completo basado en la confianza, la transparencia y el compromiso. Me ocupo de los detalles, de la documentaci\u00f3n, de la negociaci\u00f3n y de cada paso del proceso, para que t\u00fa solo tengas que preocuparte de decidir con tranquilidad.<\/p><p>Si buscas un asesor inmobiliario profesional que se implique al 100 %, cuide tu inmueble como si fuera propio y trabaje para obtener el mejor resultado, estar\u00e9 encantado de ayudarte.<\/p><p>\u00a1Ven a <strong>Le\u00f3n<\/strong> y escucha el rugido inmobiliario!<\/p>\t\t\t\t\t\t\t\t<\/div>\n\t\t\t\t<\/div>\n\t\t<div class=\"elementor-element elementor-element-174d848 e-con-full e-flex e-con e-child\" data-id=\"174d848\" data-element_type=\"container\">\n\t\t<div class=\"elementor-element elementor-element-74efc09 e-con-full e-flex e-con e-child\" data-id=\"74efc09\" data-element_type=\"container\">\n\t\t\t\t<div class=\"elementor-element elementor-element-38d42e1 elementor-widget elementor-widget-image\" data-id=\"38d42e1\" data-element_type=\"widget\" data-widget_type=\"image.default\">\n\t\t\t\t\t\t\t\t\t\t\t\t\t\t\t<img decoding=\"async\" width=\"768\" height=\"512\" src=\"https:\/\/agenteinmobiliariolastra.com\/wp-content\/uploads\/2025\/11\/engineer-teamwork-meeting-with-partner-on-model-b-2025-09-08-12-13-55-utc-768x512.jpg\" class=\"attachment-medium_large size-medium_large wp-image-1009\" alt=\"\" srcset=\"https:\/\/agenteinmobiliariolastra.com\/wp-content\/uploads\/2025\/11\/engineer-teamwork-meeting-with-partner-on-model-b-2025-09-08-12-13-55-utc-768x512.jpg 768w, https:\/\/agenteinmobiliariolastra.com\/wp-content\/uploads\/2025\/11\/engineer-teamwork-meeting-with-partner-on-model-b-2025-09-08-12-13-55-utc-300x200.jpg 300w, https:\/\/agenteinmobiliariolastra.com\/wp-content\/uploads\/2025\/11\/engineer-teamwork-meeting-with-partner-on-model-b-2025-09-08-12-13-55-utc-1024x683.jpg 1024w, https:\/\/agenteinmobiliariolastra.com\/wp-content\/uploads\/2025\/11\/engineer-teamwork-meeting-with-partner-on-model-b-2025-09-08-12-13-55-utc-1536x1024.jpg 1536w, https:\/\/agenteinmobiliariolastra.com\/wp-content\/uploads\/2025\/11\/engineer-teamwork-meeting-with-partner-on-model-b-2025-09-08-12-13-55-utc-2048x1365.jpg 2048w\" sizes=\"(max-width: 768px) 100vw, 768px\" \/>\t\t\t\t\t\t\t\t\t\t\t\t\t\t\t<\/div>\n\t\t\t\t<\/div>\n\t\t<div class=\"elementor-element elementor-element-bbdeef3 e-con-full e-flex e-con e-child\" data-id=\"bbdeef3\" data-element_type=\"container\">\n\t\t\t\t<div class=\"elementor-element elementor-element-f2b8180 elementor-widget elementor-widget-heading\" data-id=\"f2b8180\" data-element_type=\"widget\" data-widget_type=\"heading.default\">\n\t\t\t\t\t<h4 class=\"elementor-heading-title elementor-size-default\">NUESTROS VALORES<\/h4>\t\t\t\t<\/div>\n\t\t\t\t<div class=\"elementor-element elementor-element-7e559ec no-arrow pp-icon-list-traditional elementor-list-item-link-inline pp-icon-left elementor-widget elementor-widget-pp-icon-list\" data-id=\"7e559ec\" data-element_type=\"widget\" data-widget_type=\"pp-icon-list.default\">\n\t\t\t\t\t\t\t<div class=\"pp-list-container\">\n\t\t\t<ul class=\"pp-list-items\">\n\t\t\t\t\t\t\t\t\t\t\t\t\t\t\t\t\t\t\t\t\t<li class=\"pp-icon-list-item elementor-repeater-item-710b305\">\n\t\t\t\t\t\t\t\t\t\t\t\t\t\t\t<a href=\"#\">\n\t\t\t\t\t\t\t\t\t\t\t\t\t\t\t<span class=\"pp-icon-list-text\">\n\t\t\t\t\t\t\t\tTransparencia\t\t\t\t\t\t\t<\/span>\n\t\t\t\t\t\t\t\t\t\t\t\t\t\t\t<\/a>\n\t\t\t\t\t\t\t\t\t\t\t\t\t\t<\/li>\n\t\t\t\t\t\t\t\t\t\t\t\t\t\t\t\t\t\t\t\t\t\t\t\t\t\t\t<li class=\"pp-icon-list-item elementor-repeater-item-50785ac\">\n\t\t\t\t\t\t\t\t\t\t\t\t\t\t\t<a href=\"#\">\n\t\t\t\t\t\t\t\t\t\t\t\t\t\t\t<span class=\"pp-icon-list-text\">\n\t\t\t\t\t\t\t\tProfesionalidad\t\t\t\t\t\t\t<\/span>\n\t\t\t\t\t\t\t\t\t\t\t\t\t\t\t<\/a>\n\t\t\t\t\t\t\t\t\t\t\t\t\t\t<\/li>\n\t\t\t\t\t\t\t\t\t\t\t\t\t\t\t\t\t\t\t\t\t\t\t\t\t\t\t<li class=\"pp-icon-list-item elementor-repeater-item-a975ae8\">\n\t\t\t\t\t\t\t\t\t\t\t\t\t\t\t<a href=\"#\">\n\t\t\t\t\t\t\t\t\t\t\t\t\t\t\t<span class=\"pp-icon-list-text\">\n\t\t\t\t\t\t\t\tCercan\u00eda\t\t\t\t\t\t\t<\/span>\n\t\t\t\t\t\t\t\t\t\t\t\t\t\t\t<\/a>\n\t\t\t\t\t\t\t\t\t\t\t\t\t\t<\/li>\n\t\t\t\t\t\t\t\t\t\t\t\t\t\t\t\t\t\t\t\t\t\t\t\t\t\t\t<li class=\"pp-icon-list-item elementor-repeater-item-6339013\">\n\t\t\t\t\t\t\t\t\t\t\t\t\t\t\t<a href=\"#\">\n\t\t\t\t\t\t\t\t\t\t\t\t\t\t\t<span class=\"pp-icon-list-text\">\n\t\t\t\t\t\t\t\tConfianza\t\t\t\t\t\t\t<\/span>\n\t\t\t\t\t\t\t\t\t\t\t\t\t\t\t<\/a>\n\t\t\t\t\t\t\t\t\t\t\t\t\t\t<\/li>\n\t\t\t\t\t\t\t\t\t\t\t\t\t\t\t\t\t\t\t\t\t\t\t\t\t\t\t<li class=\"pp-icon-list-item elementor-repeater-item-1e50f1a\">\n\t\t\t\t\t\t\t\t\t\t\t\t\t\t\t<a href=\"#\">\n\t\t\t\t\t\t\t\t\t\t\t\t\t\t\t<span class=\"pp-icon-list-text\">\n\t\t\t\t\t\t\t\tEificencia\t\t\t\t\t\t\t<\/span>\n\t\t\t\t\t\t\t\t\t\t\t\t\t\t\t<\/a>\n\t\t\t\t\t\t\t\t\t\t\t\t\t\t<\/li>\n\t\t\t\t\t\t\t\t\t\t\t\t\t\t\t\t\t\t\t\t\t\t\t\t\t\t\t<li class=\"pp-icon-list-item elementor-repeater-item-1548dc0\">\n\t\t\t\t\t\t\t\t\t\t\t\t\t\t\t<a href=\"#\">\n\t\t\t\t\t\t\t\t\t\t\t\t\t\t\t<span class=\"pp-icon-list-text\">\n\t\t\t\t\t\t\t\tInnovaci\u00f3n\t\t\t\t\t\t\t<\/span>\n\t\t\t\t\t\t\t\t\t\t\t\t\t\t\t<\/a>\n\t\t\t\t\t\t\t\t\t\t\t\t\t\t<\/li>\n\t\t\t\t\t\t\t\t\t\t\t\t\t\t\t\t\t\t\t\t\t\t\t\t\t\t\t<li class=\"pp-icon-list-item elementor-repeater-item-170a6c8\">\n\t\t\t\t\t\t\t\t\t\t\t\t\t\t\t<a href=\"#\">\n\t\t\t\t\t\t\t\t\t\t\t\t\t\t\t<span class=\"pp-icon-list-text\">\n\t\t\t\t\t\t\t\tCompromiso\t\t\t\t\t\t\t<\/span>\n\t\t\t\t\t\t\t\t\t\t\t\t\t\t\t<\/a>\n\t\t\t\t\t\t\t\t\t\t\t\t\t\t<\/li>\n\t\t\t\t\t\t\t\t\t\t\t\t\t<\/ul>\n\t\t<\/div>\n\t\t\t\t\t\t<\/div>\n\t\t\t\t<\/div>\n\t\t\t\t<\/div>\n\t\t<div class=\"elementor-element elementor-element-15fbd90 e-con-full e-flex e-con e-child\" data-id=\"15fbd90\" data-element_type=\"container\">\n\t\t\t\t<div class=\"elementor-element elementor-element-106c640 elementor-widget elementor-widget-text-editor\" data-id=\"106c640\" data-element_type=\"widget\" data-widget_type=\"text-editor.default\">\n\t\t\t\t\t\t\t\t\t<p><strong>\u00bfC\u00f3mo lo hacemos?<\/strong><\/p><p>Para que tu vivienda destaque entre la competencia, pongo a tu disposici\u00f3n las herramientas de marketing digital m\u00e1s avanzadas, que incluyen:<\/p><p>Difusi\u00f3n en los principales portales inmobiliarios a nivel nacional.<\/p><p>Estrategias de promoci\u00f3n en redes sociales y campa\u00f1as segmentadas.<\/p><p>Reportajes profesionales: fotograf\u00eda inmobiliaria, v\u00eddeo y tours virtuales.<\/p><p>Gesti\u00f3n de contactos y atenci\u00f3n a potenciales compradores de forma r\u00e1pida y eficaz.<\/p><p>Todo ello, unido a mi red de contactos activa en Le\u00f3n, garantiza la m\u00e1xima visibilidad y un flujo constante de interesados cualificados.<\/p><p>Un servicio transparente, comprometido y orientado a resultados, con un asesoramiento cercano y personalizado.<\/p><p>\u00a0<\/p>\t\t\t\t\t\t\t\t<\/div>\n\t\t\t\t<\/div>\n\t\t\t\t\t<\/div>\n\t\t\t\t<\/div>\n\t\t<div class=\"elementor-element elementor-element-9c2f830 bgLight e-flex e-con-boxed e-con e-parent\" data-id=\"9c2f830\" data-element_type=\"container\">\n\t\t\t\t\t<div class=\"e-con-inner\">\n\t\t\t\t<div class=\"elementor-element elementor-element-ce12fdc elementor-widget elementor-widget-heading\" data-id=\"ce12fdc\" data-element_type=\"widget\" data-widget_type=\"heading.default\">\n\t\t\t\t\t<h2 class=\"elementor-heading-title elementor-size-default\">\u201cUn acuerdo de confianza en el coraz\u00f3n de Le\u00f3n.\u201d<\/h2>\t\t\t\t<\/div>\n\t\t\t\t\t<\/div>\n\t\t\t\t<\/div>\n\t\t<div class=\"elementor-element elementor-element-a40392f e-flex e-con-boxed e-con e-parent\" data-id=\"a40392f\" data-element_type=\"container\" data-settings=\"{&quot;background_background&quot;:&quot;classic&quot;}\">\n\t\t\t\t\t<div class=\"e-con-inner\">\n\t\t\t\t<div class=\"elementor-element elementor-element-515ea9d elementor-widget elementor-widget-image\" data-id=\"515ea9d\" data-element_type=\"widget\" data-widget_type=\"image.default\">\n\t\t\t\t\t\t\t\t\t\t\t\t\t\t\t<img decoding=\"async\" src=\"https:\/\/agenteinmobiliariolastra.com\/wp-content\/uploads\/2025\/11\/handshake-real-estate-agents-deliver-sample-homes-2025-03-05-13-05-43-utc-scaled.jpg\" title=\"Handshake real estate agents deliver sample homes to customers.\" alt=\"Handshake real estate agents deliver sample homes to customers. mortgage loan agreement Make a contract for hire purchase and sale of a house. and home insurance contracts home mortgage loan concept\" loading=\"lazy\" \/>\t\t\t\t\t\t\t\t\t\t\t\t\t\t\t<\/div>\n\t\t\t\t\t<\/div>\n\t\t\t\t<\/div>\n\t\t\t\t<\/div>\n\t\t","protected":false},"excerpt":{"rendered":"<p>Con\u00f3ceme \u00a0Asesoramiento profesional, transparencia y resultados desde el primer contacto. \u00bfQui\u00e9n soy? Asesor inmobiliario en Le\u00f3n especializado en venta de viviendas. Soy Javier Lastra, asesor inmobiliario independiente con amplia experiencia en la venta de pisos y casas en Le\u00f3n capital. Mi objetivo es ofrecerte un servicio profesional, cercano y totalmente personalizado, acompa\u00f1\u00e1ndote en cada etapa [&hellip;]<\/p>\n","protected":false},"author":2,"featured_media":0,"parent":0,"menu_order":0,"comment_status":"closed","ping_status":"closed","template":"tmpl\/template-fullwidth.php","meta":{"_acf_changed":false,"footnotes":""},"class_list":["post-12","page","type-page","status-publish","hentry"],"acf":[],"_links":{"self":[{"href":"https:\/\/agenteinmobiliariolastra.com\/index.php\/wp-json\/wp\/v2\/pages\/12","targetHints":{"allow":["GET"]}}],"collection":[{"href":"https:\/\/agenteinmobiliariolastra.com\/index.php\/wp-json\/wp\/v2\/pages"}],"about":[{"href":"https:\/\/agenteinmobiliariolastra.com\/index.php\/wp-json\/wp\/v2\/types\/page"}],"author":[{"embeddable":true,"href":"https:\/\/agenteinmobiliariolastra.com\/index.php\/wp-json\/wp\/v2\/users\/2"}],"replies":[{"embeddable":true,"href":"https:\/\/agenteinmobiliariolastra.com\/index.php\/wp-json\/wp\/v2\/comments?post=12"}],"version-history":[{"count":80,"href":"https:\/\/agenteinmobiliariolastra.com\/index.php\/wp-json\/wp\/v2\/pages\/12\/revisions"}],"predecessor-version":[{"id":1187,"href":"https:\/\/agenteinmobiliariolastra.com\/index.php\/wp-json\/wp\/v2\/pages\/12\/revisions\/1187"}],"wp:attachment":[{"href":"https:\/\/agenteinmobiliariolastra.com\/index.php\/wp-json\/wp\/v2\/media?parent=12"}],"curies":[{"name":"wp","href":"https:\/\/api.w.org\/{rel}","templated":true}]}}